{"id":2,"date":"2023-01-26T16:30:11","date_gmt":"2023-01-26T16:30:11","guid":{"rendered":"https:\/\/www.viaepona.com\/?page_id=2"},"modified":"2023-03-30T13:00:40","modified_gmt":"2023-03-30T13:00:40","slug":"sample-page","status":"publish","type":"page","link":"https:\/\/www.viaepona.com\/?page_id=2","title":{"rendered":"T\u00e9l\u00e9chargement"},"content":{"rendered":"\t\t<div data-elementor-type=\"wp-page\" data-elementor-id=\"2\" class=\"elementor elementor-2\" data-elementor-post-type=\"page\">\n\t\t\t\t\t\t<section class=\"elementor-section elementor-top-section elementor-element elementor-element-3db3c0d8 elementor-section-height-min-height elementor-section-content-middle elementor-reverse-mobile elementor-section-stretched elementor-section-boxed elementor-section-height-default elementor-section-items-middle\" data-id=\"3db3c0d8\" data-element_type=\"section\" data-settings=\"{&quot;background_background&quot;:&quot;classic&quot;,&quot;stretch_section&quot;:&quot;section-stretched&quot;}\">\n\t\t\t\t\t\t<div class=\"elementor-container elementor-column-gap-no\">\n\t\t\t\t\t<div class=\"elementor-column elementor-col-50 elementor-top-column elementor-element elementor-element-1c8b2f16\" data-id=\"1c8b2f16\" data-element_type=\"column\">\n\t\t\t<div class=\"elementor-widget-wrap elementor-element-populated\">\n\t\t\t\t\t\t<div class=\"elementor-element elementor-element-291cc640 elementor-widget elementor-widget-heading\" data-id=\"291cc640\" data-element_type=\"widget\" data-widget_type=\"heading.default\">\n\t\t\t\t<div class=\"elementor-widget-container\">\n\t\t\t\t\t<h2 class=\"elementor-heading-title elementor-size-default\">VIA EPONA<\/h2>\t\t\t\t<\/div>\n\t\t\t\t<\/div>\n\t\t\t\t<div class=\"elementor-element elementor-element-7d8a305b elementor-widget elementor-widget-text-editor\" data-id=\"7d8a305b\" data-element_type=\"widget\" data-widget_type=\"text-editor.default\">\n\t\t\t\t<div class=\"elementor-widget-container\">\n\t\t\t\t\t\t\t\t\t<p>Cr\u00e9e ton voyage \u00e0 v\u00e9lo sur-mesure en deux minutes chrono.<br \/>Int\u00e8gre des d\u00e9tours par les endroits qui te plaisent ou d\u00e9couvre des points d&#8217;int\u00e9r\u00eat sur ton chemin.<br \/>Et tout \u00e7a gratuitement !<\/p>\t\t\t\t\t\t\t\t<\/div>\n\t\t\t\t<\/div>\n\t\t\t\t<div class=\"elementor-element elementor-element-2e43055 elementor-widget elementor-widget-spacer\" data-id=\"2e43055\" data-element_type=\"widget\" data-widget_type=\"spacer.default\">\n\t\t\t\t<div class=\"elementor-widget-container\">\n\t\t\t\t\t\t\t<div class=\"elementor-spacer\">\n\t\t\t<div class=\"elementor-spacer-inner\"><\/div>\n\t\t<\/div>\n\t\t\t\t\t\t<\/div>\n\t\t\t\t<\/div>\n\t\t\t\t<section class=\"elementor-section elementor-inner-section elementor-element elementor-element-1d224a5 elementor-section-boxed elementor-section-height-default elementor-section-height-default\" data-id=\"1d224a5\" data-element_type=\"section\">\n\t\t\t\t\t\t<div class=\"elementor-container elementor-column-gap-default\">\n\t\t\t\t\t<div class=\"elementor-column elementor-col-50 elementor-inner-column elementor-element elementor-element-06f8008\" data-id=\"06f8008\" data-element_type=\"column\">\n\t\t\t<div class=\"elementor-widget-wrap elementor-element-populated\">\n\t\t\t\t\t\t<div class=\"elementor-element elementor-element-2f20e58 elementor-widget elementor-widget-image\" data-id=\"2f20e58\" data-element_type=\"widget\" data-widget_type=\"image.default\">\n\t\t\t\t<div class=\"elementor-widget-container\">\n\t\t\t\t\t\t\t\t\t\t\t\t\t\t\t\t<a href=\"https:\/\/apps.apple.com\/fr\/app\/via-epona\/id6446368660\">\n\t\t\t\t\t\t\t<img fetchpriority=\"high\" decoding=\"async\" width=\"646\" height=\"250\" src=\"https:\/\/www.viaepona.com\/wp-content\/uploads\/2023\/03\/Untitled.png\" class=\"attachment-large size-large wp-image-238\" alt=\"\" srcset=\"https:\/\/www.viaepona.com\/wp-content\/uploads\/2023\/03\/Untitled.png 646w, https:\/\/www.viaepona.com\/wp-content\/uploads\/2023\/03\/Untitled-300x116.png 300w\" sizes=\"100vw\" \/>\t\t\t\t\t\t\t\t<\/a>\n\t\t\t\t\t\t\t\t\t\t\t\t\t\t\t<\/div>\n\t\t\t\t<\/div>\n\t\t\t\t\t<\/div>\n\t\t<\/div>\n\t\t\t\t<div class=\"elementor-column elementor-col-50 elementor-inner-column elementor-element elementor-element-e696725\" data-id=\"e696725\" data-element_type=\"column\">\n\t\t\t<div class=\"elementor-widget-wrap elementor-element-populated\">\n\t\t\t\t\t\t<div class=\"elementor-element elementor-element-6442061 elementor-widget elementor-widget-image\" data-id=\"6442061\" data-element_type=\"widget\" data-widget_type=\"image.default\">\n\t\t\t\t<div class=\"elementor-widget-container\">\n\t\t\t\t\t\t\t\t\t\t\t\t\t\t\t\t<a href=\"https:\/\/play.google.com\/store\/apps\/details?id=com.SASTrabouleLabs.ViaEpona\">\n\t\t\t\t\t\t\t<img decoding=\"async\" width=\"646\" height=\"250\" src=\"https:\/\/www.viaepona.com\/wp-content\/uploads\/2023\/03\/google-play-badge.png\" class=\"attachment-large size-large wp-image-236\" alt=\"\" srcset=\"https:\/\/www.viaepona.com\/wp-content\/uploads\/2023\/03\/google-play-badge.png 646w, https:\/\/www.viaepona.com\/wp-content\/uploads\/2023\/03\/google-play-badge-300x116.png 300w\" sizes=\"100vw\" \/>\t\t\t\t\t\t\t\t<\/a>\n\t\t\t\t\t\t\t\t\t\t\t\t\t\t\t<\/div>\n\t\t\t\t<\/div>\n\t\t\t\t\t<\/div>\n\t\t<\/div>\n\t\t\t\t\t<\/div>\n\t\t<\/section>\n\t\t\t\t\t<\/div>\n\t\t<\/div>\n\t\t\t\t<div class=\"elementor-column elementor-col-50 elementor-top-column elementor-element elementor-element-2d284d3f\" data-id=\"2d284d3f\" data-element_type=\"column\">\n\t\t\t<div class=\"elementor-widget-wrap elementor-element-populated\">\n\t\t\t\t\t\t<div class=\"elementor-element elementor-element-6f4985b0 elementor-widget elementor-widget-image\" data-id=\"6f4985b0\" data-element_type=\"widget\" data-widget_type=\"image.default\">\n\t\t\t\t<div class=\"elementor-widget-container\">\n\t\t\t\t\t\t\t\t\t\t\t\t\t\t\t<img decoding=\"async\" width=\"1080\" height=\"1627\" src=\"https:\/\/www.viaepona.com\/wp-content\/uploads\/2023\/03\/Blue-Phone-Text-Message-Instagram-Reel-Video--e1685528004967.png\" class=\"attachment-full size-full wp-image-101\" alt=\"\" srcset=\"https:\/\/www.viaepona.com\/wp-content\/uploads\/2023\/03\/Blue-Phone-Text-Message-Instagram-Reel-Video--e1685528004967.png 1080w, https:\/\/www.viaepona.com\/wp-content\/uploads\/2023\/03\/Blue-Phone-Text-Message-Instagram-Reel-Video--e1685528004967-199x300.png 199w, https:\/\/www.viaepona.com\/wp-content\/uploads\/2023\/03\/Blue-Phone-Text-Message-Instagram-Reel-Video--e1685528004967-680x1024.png 680w, https:\/\/www.viaepona.com\/wp-content\/uploads\/2023\/03\/Blue-Phone-Text-Message-Instagram-Reel-Video--e1685528004967-768x1157.png 768w, https:\/\/www.viaepona.com\/wp-content\/uploads\/2023\/03\/Blue-Phone-Text-Message-Instagram-Reel-Video--e1685528004967-1020x1536.png 1020w\" sizes=\"100vw\" \/>\t\t\t\t\t\t\t\t\t\t\t\t\t\t\t<\/div>\n\t\t\t\t<\/div>\n\t\t\t\t\t<\/div>\n\t\t<\/div>\n\t\t\t\t\t<\/div>\n\t\t<\/section>\n\t\t\t\t<section class=\"elementor-section elementor-top-section elementor-element elementor-element-7db80df6 elementor-section-content-middle elementor-section-stretched elementor-section-boxed elementor-section-height-default elementor-section-height-default\" data-id=\"7db80df6\" data-element_type=\"section\" data-settings=\"{&quot;stretch_section&quot;:&quot;section-stretched&quot;,&quot;background_background&quot;:&quot;classic&quot;}\">\n\t\t\t\t\t\t<div class=\"elementor-container elementor-column-gap-no\">\n\t\t\t\t\t<div class=\"elementor-column elementor-col-100 elementor-top-column elementor-element elementor-element-715251be\" data-id=\"715251be\" data-element_type=\"column\" data-settings=\"{&quot;background_background&quot;:&quot;classic&quot;}\">\n\t\t\t<div class=\"elementor-widget-wrap elementor-element-populated\">\n\t\t\t\t\t\t<div class=\"elementor-element elementor-element-3201c403 elementor-widget elementor-widget-heading\" data-id=\"3201c403\" data-element_type=\"widget\" data-widget_type=\"heading.default\">\n\t\t\t\t<div class=\"elementor-widget-container\">\n\t\t\t\t\t<h4 class=\"elementor-heading-title elementor-size-default\">FAQ<\/h4>\t\t\t\t<\/div>\n\t\t\t\t<\/div>\n\t\t\t\t<div class=\"elementor-element elementor-element-54e4a438 elementor-widget elementor-widget-heading\" data-id=\"54e4a438\" data-element_type=\"widget\" data-widget_type=\"heading.default\">\n\t\t\t\t<div class=\"elementor-widget-container\">\n\t\t\t\t\t<h5 class=\"elementor-heading-title elementor-size-default\">Questions les plus fr\u00e9quentes<\/h5>\t\t\t\t<\/div>\n\t\t\t\t<\/div>\n\t\t\t\t<div class=\"elementor-element elementor-element-351c7ba8 elementor-widget elementor-widget-toggle\" data-id=\"351c7ba8\" data-element_type=\"widget\" data-widget_type=\"toggle.default\">\n\t\t\t\t<div class=\"elementor-widget-container\">\n\t\t\t\t\t\t\t<div class=\"elementor-toggle\">\n\t\t\t\t\t\t\t<div class=\"elementor-toggle-item\">\n\t\t\t\t\t<div id=\"elementor-tab-title-8911\" class=\"elementor-tab-title\" data-tab=\"1\" role=\"button\" aria-controls=\"elementor-tab-content-8911\" aria-expanded=\"false\">\n\t\t\t\t\t\t\t\t\t\t\t\t<span class=\"elementor-toggle-icon elementor-toggle-icon-right\" aria-hidden=\"true\">\n\t\t\t\t\t\t\t\t\t\t\t\t\t\t\t<span class=\"elementor-toggle-icon-closed\"><i class=\"fas fa-caret-right\"><\/i><\/span>\n\t\t\t\t\t\t\t\t<span class=\"elementor-toggle-icon-opened\"><i class=\"elementor-toggle-icon-opened fas fa-caret-up\"><\/i><\/span>\n\t\t\t\t\t\t\t\t\t\t\t\t\t<\/span>\n\t\t\t\t\t\t\t\t\t\t\t\t<a class=\"elementor-toggle-title\" tabindex=\"0\">Combien co\u00fbte via epona ?<\/a>\n\t\t\t\t\t<\/div>\n\n\t\t\t\t\t<div id=\"elementor-tab-content-8911\" class=\"elementor-tab-content elementor-clearfix\" data-tab=\"1\" role=\"region\" aria-labelledby=\"elementor-tab-title-8911\"><p>Nous avons fait le choix de rendre l&#8217;application gratuite, \u00e0 vie. Nous souhaitons d\u00e9velopper le cyclotourisme en le rendant accessible au plus grand nombre, sans prendre en compte les moyens de chacun.<\/p><\/div>\n\t\t\t\t<\/div>\n\t\t\t\t\t\t\t<div class=\"elementor-toggle-item\">\n\t\t\t\t\t<div id=\"elementor-tab-title-8912\" class=\"elementor-tab-title\" data-tab=\"2\" role=\"button\" aria-controls=\"elementor-tab-content-8912\" aria-expanded=\"false\">\n\t\t\t\t\t\t\t\t\t\t\t\t<span class=\"elementor-toggle-icon elementor-toggle-icon-right\" aria-hidden=\"true\">\n\t\t\t\t\t\t\t\t\t\t\t\t\t\t\t<span class=\"elementor-toggle-icon-closed\"><i class=\"fas fa-caret-right\"><\/i><\/span>\n\t\t\t\t\t\t\t\t<span class=\"elementor-toggle-icon-opened\"><i class=\"elementor-toggle-icon-opened fas fa-caret-up\"><\/i><\/span>\n\t\t\t\t\t\t\t\t\t\t\t\t\t<\/span>\n\t\t\t\t\t\t\t\t\t\t\t\t<a class=\"elementor-toggle-title\" tabindex=\"0\">Que fa\u00eetes-vous de mes donn\u00e9es ?<\/a>\n\t\t\t\t\t<\/div>\n\n\t\t\t\t\t<div id=\"elementor-tab-content-8912\" class=\"elementor-tab-content elementor-clearfix\" data-tab=\"2\" role=\"region\" aria-labelledby=\"elementor-tab-title-8912\"><p>Nous ne prenons aucune donn\u00e9e personnelle. Nous gardons vos donn\u00e9es de voyage en interne. Nous analysons ces donn\u00e9es pour construire des rapports le plus pertinent possible pour comprendre la pratique du cyclotourisme. Nous ne contribuons pas \u00e0 la publicit\u00e9 cibl\u00e9e.<\/p><\/div>\n\t\t\t\t<\/div>\n\t\t\t\t\t\t\t<div class=\"elementor-toggle-item\">\n\t\t\t\t\t<div id=\"elementor-tab-title-8913\" class=\"elementor-tab-title\" data-tab=\"3\" role=\"button\" aria-controls=\"elementor-tab-content-8913\" aria-expanded=\"false\">\n\t\t\t\t\t\t\t\t\t\t\t\t<span class=\"elementor-toggle-icon elementor-toggle-icon-right\" aria-hidden=\"true\">\n\t\t\t\t\t\t\t\t\t\t\t\t\t\t\t<span class=\"elementor-toggle-icon-closed\"><i class=\"fas fa-caret-right\"><\/i><\/span>\n\t\t\t\t\t\t\t\t<span class=\"elementor-toggle-icon-opened\"><i class=\"elementor-toggle-icon-opened fas fa-caret-up\"><\/i><\/span>\n\t\t\t\t\t\t\t\t\t\t\t\t\t<\/span>\n\t\t\t\t\t\t\t\t\t\t\t\t<a class=\"elementor-toggle-title\" tabindex=\"0\">Qu'est-ce que je vais trouver dans Via Epona ?<\/a>\n\t\t\t\t\t<\/div>\n\n\t\t\t\t\t<div id=\"elementor-tab-content-8913\" class=\"elementor-tab-content elementor-clearfix\" data-tab=\"3\" role=\"region\" aria-labelledby=\"elementor-tab-title-8913\"><p>Tu sais ce qui est vraiment g\u00e9nial dans le cyclotourisme ? La libert\u00e9.<br \/>Tu pourras donc trouver ce que tu pr\u00e9f\u00e8res comme les p\u00e9pites authentiques et les artisans, \u00e0 ton rythme et sur des routes plut\u00f4t cool !<\/p><\/div>\n\t\t\t\t<\/div>\n\t\t\t\t\t\t\t<div class=\"elementor-toggle-item\">\n\t\t\t\t\t<div id=\"elementor-tab-title-8914\" class=\"elementor-tab-title\" data-tab=\"4\" role=\"button\" aria-controls=\"elementor-tab-content-8914\" aria-expanded=\"false\">\n\t\t\t\t\t\t\t\t\t\t\t\t<span class=\"elementor-toggle-icon elementor-toggle-icon-right\" aria-hidden=\"true\">\n\t\t\t\t\t\t\t\t\t\t\t\t\t\t\t<span class=\"elementor-toggle-icon-closed\"><i class=\"fas fa-caret-right\"><\/i><\/span>\n\t\t\t\t\t\t\t\t<span class=\"elementor-toggle-icon-opened\"><i class=\"elementor-toggle-icon-opened fas fa-caret-up\"><\/i><\/span>\n\t\t\t\t\t\t\t\t\t\t\t\t\t<\/span>\n\t\t\t\t\t\t\t\t\t\t\t\t<a class=\"elementor-toggle-title\" tabindex=\"0\">Est-ce que je dois \u00eatre un bon cycliste pour faire du voyage \u00e0 v\u00e9lo ?<\/a>\n\t\t\t\t\t<\/div>\n\n\t\t\t\t\t<div id=\"elementor-tab-content-8914\" class=\"elementor-tab-content elementor-clearfix\" data-tab=\"4\" role=\"region\" aria-labelledby=\"elementor-tab-title-8914\"><p>Via Epona s&#8217;adapte \u00e0 ton profil. Tu choisis d&#8217;ailleurs le nombre de kilom\u00e8tres que tu veux faire par jour, le type de v\u00e9lo que tu as et la pratique que tu en fait (plat ou grosses mont\u00e9es, c&#8217;est comme tu veux !). Tu peux donc commencer le voyage \u00e0 v\u00e9lo sans \u00eatre &#8220;Alain Philippe&#8221; \ud83d\ude02<\/p><\/div>\n\t\t\t\t<\/div>\n\t\t\t\t\t\t\t\t<\/div>\n\t\t\t\t\t\t<\/div>\n\t\t\t\t<\/div>\n\t\t\t\t\t<\/div>\n\t\t<\/div>\n\t\t\t\t\t<\/div>\n\t\t<\/section>\n\t\t\t\t<\/div>\n\t\t","protected":false},"excerpt":{"rendered":"<p>VIA EPONA Cr\u00e9e ton voyage \u00e0 v\u00e9lo sur-mesure en deux minutes chrono.Int\u00e8gre des d\u00e9tours par les endroits qui te plaisent ou d\u00e9couvre des points d&#8217;int\u00e9r\u00eat sur ton chemin.Et tout \u00e7a gratuitement ! FAQ Questions les plus fr\u00e9quentes Combien co\u00fbte via epona ? Nous avons fait le choix de rendre l&#8217;application gratuite, \u00e0 vie. Nous souhaitons &hellip; <\/p>\n<p class=\"link-more\"><a href=\"https:\/\/www.viaepona.com\/?page_id=2\" class=\"more-link\">Read more<span class=\"screen-reader-text\"> &#8220;T\u00e9l\u00e9chargement&#8221;<\/span><\/a><\/p>\n","protected":false},"author":1,"featured_media":0,"parent":0,"menu_order":0,"comment_status":"closed","ping_status":"open","template":"","meta":{"om_disable_all_campaigns":false,"_monsterinsights_skip_tracking":false,"_monsterinsights_sitenote_active":false,"_monsterinsights_sitenote_note":"","_monsterinsights_sitenote_category":0,"_themeisle_gutenberg_block_has_review":false,"footnotes":""},"class_list":["post-2","page","type-page","status-publish","hentry"],"aioseo_notices":[],"_links":{"self":[{"href":"https:\/\/www.viaepona.com\/index.php?rest_route=\/wp\/v2\/pages\/2","targetHints":{"allow":["GET"]}}],"collection":[{"href":"https:\/\/www.viaepona.com\/index.php?rest_route=\/wp\/v2\/pages"}],"about":[{"href":"https:\/\/www.viaepona.com\/index.php?rest_route=\/wp\/v2\/types\/page"}],"author":[{"embeddable":true,"href":"https:\/\/www.viaepona.com\/index.php?rest_route=\/wp\/v2\/users\/1"}],"replies":[{"embeddable":true,"href":"https:\/\/www.viaepona.com\/index.php?rest_route=%2Fwp%2Fv2%2Fcomments&post=2"}],"version-history":[{"count":28,"href":"https:\/\/www.viaepona.com\/index.php?rest_route=\/wp\/v2\/pages\/2\/revisions"}],"predecessor-version":[{"id":261,"href":"https:\/\/www.viaepona.com\/index.php?rest_route=\/wp\/v2\/pages\/2\/revisions\/261"}],"wp:attachment":[{"href":"https:\/\/www.viaepona.com\/index.php?rest_route=%2Fwp%2Fv2%2Fmedia&parent=2"}],"curies":[{"name":"wp","href":"https:\/\/api.w.org\/{rel}","templated":true}]}}